{"id":2015,"date":"2026-03-14T12:42:26","date_gmt":"2026-03-14T15:42:26","guid":{"rendered":"https:\/\/advappr.com.br\/?page_id=2015"},"modified":"2026-03-31T15:06:21","modified_gmt":"2026-03-31T18:06:21","slug":"trabalhe-conosco","status":"publish","type":"page","link":"https:\/\/advappr.com.br\/index.php\/trabalhe-conosco\/","title":{"rendered":"Trabalhe Conosco"},"content":{"rendered":"\t\t<div data-elementor-type=\"wp-post\" data-elementor-id=\"2015\" class=\"elementor elementor-2015\" data-elementor-settings=\"{&quot;ha_cmc_init_switcher&quot;:&quot;no&quot;}\" data-elementor-post-type=\"page\">\n\t\t\t\t\t\t<section class=\"elementor-section elementor-top-section elementor-element elementor-element-7a6a9f5 elementor-section-boxed elementor-section-height-default elementor-section-height-default\" data-id=\"7a6a9f5\" data-element_type=\"section\" data-e-type=\"section\" data-settings=\"{&quot;background_background&quot;:&quot;classic&quot;,&quot;animation&quot;:&quot;none&quot;,&quot;_ha_eqh_enable&quot;:false}\">\n\t\t\t\t\t\t<div class=\"elementor-container elementor-column-gap-default\">\n\t\t\t\t\t<div class=\"elementor-column elementor-col-100 elementor-top-column elementor-element elementor-element-e743c83\" data-id=\"e743c83\" data-element_type=\"column\" data-e-type=\"column\" data-settings=\"{&quot;animation&quot;:&quot;none&quot;}\">\n\t\t\t<div class=\"elementor-widget-wrap elementor-element-populated\">\n\t\t\t\t\t\t<div class=\"elementor-element elementor-element-dd39182 elementor-widget elementor-widget-heading\" data-id=\"dd39182\" data-element_type=\"widget\" data-e-type=\"widget\" data-widget_type=\"heading.default\">\n\t\t\t\t<div class=\"elementor-widget-container\">\n\t\t\t\t\t<h3 class=\"elementor-heading-title elementor-size-default\">Junte-se \u00e0 equipa AAG e fa\u00e7a parte de projetos globais!<br>\nEnvie o seu curr\u00edculo<\/h3>\t\t\t\t<\/div>\n\t\t\t\t<\/div>\n\t\t\t\t<div class=\"elementor-element elementor-element-7f78444 elementor-button-align-center elementor-widget elementor-widget-form\" data-id=\"7f78444\" data-element_type=\"widget\" data-e-type=\"widget\" data-settings=\"{&quot;step_next_label&quot;:&quot;Next&quot;,&quot;step_previous_label&quot;:&quot;Previous&quot;,&quot;button_width&quot;:&quot;100&quot;,&quot;step_type&quot;:&quot;number_text&quot;,&quot;step_icon_shape&quot;:&quot;circle&quot;}\" data-widget_type=\"form.default\">\n\t\t\t\t<div class=\"elementor-widget-container\">\n\t\t\t\t\t\t\t<form class=\"elementor-form\" method=\"post\" name=\"trabalhe\" aria-label=\"trabalhe\">\n\t\t\t<input type=\"hidden\" name=\"post_id\" value=\"2015\"\/>\n\t\t\t<input type=\"hidden\" name=\"form_id\" value=\"7f78444\"\/>\n\t\t\t<input type=\"hidden\" name=\"referer_title\" value=\"Trabalhe Conosco\" \/>\n\n\t\t\t\t\t\t\t<input type=\"hidden\" name=\"queried_id\" value=\"2015\"\/>\n\t\t\t\n\t\t\t<div class=\"elementor-form-fields-wrapper elementor-labels-above\">\n\t\t\t\t\t\t\t\t<div class=\"elementor-field-type-text elementor-field-group elementor-column elementor-field-group-name elementor-col-100\">\n\t\t\t\t\t\t\t\t\t\t\t\t<label for=\"form-field-name\" class=\"elementor-field-label\">\n\t\t\t\t\t\t\t\tNome\t\t\t\t\t\t\t<\/label>\n\t\t\t\t\t\t\t\t\t\t\t\t\t\t<input size=\"1\" type=\"text\" name=\"form_fields[name]\" id=\"form-field-name\" class=\"elementor-field elementor-size-sm  elementor-field-textual\" placeholder=\"Nome\">\n\t\t\t\t\t\t\t\t\t\t\t<\/div>\n\t\t\t\t\t\t\t\t<div class=\"elementor-field-type-email elementor-field-group elementor-column elementor-field-group-email elementor-col-100 elementor-field-required\">\n\t\t\t\t\t\t\t\t\t\t\t\t<label for=\"form-field-email\" class=\"elementor-field-label\">\n\t\t\t\t\t\t\t\tEmail\t\t\t\t\t\t\t<\/label>\n\t\t\t\t\t\t\t\t\t\t\t\t\t\t<input size=\"1\" type=\"email\" name=\"form_fields[email]\" id=\"form-field-email\" class=\"elementor-field elementor-size-sm  elementor-field-textual\" placeholder=\"Email\" required=\"required\">\n\t\t\t\t\t\t\t\t\t\t\t<\/div>\n\t\t\t\t\t\t\t\t<div class=\"elementor-field-type-tel elementor-field-group elementor-column elementor-field-group-field_4fb7e98 elementor-col-100\">\n\t\t\t\t\t\t\t\t\t\t\t\t<label for=\"form-field-field_4fb7e98\" class=\"elementor-field-label\">\n\t\t\t\t\t\t\t\tTelefone\t\t\t\t\t\t\t<\/label>\n\t\t\t\t\t\t\t\t<input size=\"1\" type=\"tel\" name=\"form_fields[field_4fb7e98]\" id=\"form-field-field_4fb7e98\" class=\"elementor-field elementor-size-sm  elementor-field-textual\" pattern=\"[0-9()#&amp;+*-=.]+\" title=\"Only numbers and phone characters (#, -, *, etc) are accepted.\">\n\n\t\t\t\t\t\t<\/div>\n\t\t\t\t\t\t\t\t<div class=\"elementor-field-type-upload elementor-field-group elementor-column elementor-field-group-field_fab7fc2 elementor-col-100\">\n\t\t\t\t\t\t\t<input type=\"file\" name=\"form_fields[field_fab7fc2]\" id=\"form-field-field_fab7fc2\" class=\"elementor-field elementor-size-sm  elementor-upload-field\">\n\n\t\t\t\t\t\t<\/div>\n\t\t\t\t\t\t\t\t<div class=\"elementor-field-group elementor-column elementor-field-type-submit elementor-col-100 e-form__buttons\">\n\t\t\t\t\t<button class=\"elementor-button elementor-size-sm\" type=\"submit\">\n\t\t\t\t\t\t<span class=\"elementor-button-content-wrapper\">\n\t\t\t\t\t\t\t\t\t\t\t\t\t\t\t\t\t\t\t\t\t\t<span class=\"elementor-button-text\">ENVIAR<\/span>\n\t\t\t\t\t\t\t\t\t\t\t\t\t<\/span>\n\t\t\t\t\t<\/button>\n\t\t\t\t<\/div>\n\t\t\t<\/div>\n\t\t<\/form>\n\t\t\t\t\t\t<\/div>\n\t\t\t\t<\/div>\n\t\t\t\t\t<\/div>\n\t\t<\/div>\n\t\t\t\t\t<\/div>\n\t\t<\/section>\n\t\t\t\t<section class=\"elementor-section elementor-top-section elementor-element elementor-element-7710dadb elementor-section-height-min-height elementor-section-content-middle elementor-section-boxed elementor-section-height-default elementor-section-items-middle\" data-id=\"7710dadb\" data-element_type=\"section\" data-e-type=\"section\" data-settings=\"{&quot;background_background&quot;:&quot;classic&quot;,&quot;_ha_eqh_enable&quot;:false}\">\n\t\t\t\t\t\t\t<div class=\"elementor-background-overlay\"><\/div>\n\t\t\t\t\t\t\t<div class=\"elementor-container elementor-column-gap-default\">\n\t\t\t\t\t<div class=\"elementor-column elementor-col-100 elementor-top-column elementor-element elementor-element-72e0e0b7\" data-id=\"72e0e0b7\" data-element_type=\"column\" data-e-type=\"column\">\n\t\t\t<div class=\"elementor-widget-wrap elementor-element-populated\">\n\t\t\t\t\t\t<section class=\"elementor-section elementor-inner-section elementor-element elementor-element-ce27f9f elementor-section-boxed elementor-section-height-default elementor-section-height-default\" data-id=\"ce27f9f\" data-element_type=\"section\" data-e-type=\"section\" data-settings=\"{&quot;_ha_eqh_enable&quot;:false}\">\n\t\t\t\t\t\t<div class=\"elementor-container elementor-column-gap-default\">\n\t\t\t\t\t<div class=\"elementor-column elementor-col-25 elementor-inner-column elementor-element elementor-element-33cd699e\" data-id=\"33cd699e\" data-element_type=\"column\" data-e-type=\"column\">\n\t\t\t<div class=\"elementor-widget-wrap elementor-element-populated\">\n\t\t\t\t\t\t<div class=\"elementor-element elementor-element-3830a755 elementor-widget elementor-widget-heading\" data-id=\"3830a755\" data-element_type=\"widget\" data-e-type=\"widget\" data-widget_type=\"heading.default\">\n\t\t\t\t<div class=\"elementor-widget-container\">\n\t\t\t\t\t<h2 class=\"elementor-heading-title elementor-size-default\">AAG<\/h2>\t\t\t\t<\/div>\n\t\t\t\t<\/div>\n\t\t\t\t<div class=\"elementor-element elementor-element-23e49b6c elementor-widget elementor-widget-text-editor\" data-id=\"23e49b6c\" data-element_type=\"widget\" data-e-type=\"widget\" data-widget_type=\"text-editor.default\">\n\t\t\t\t<div class=\"elementor-widget-container\">\n\t\t\t\t\t\t\t\t\t<p><span data-path-to-node=\"15,1,1,0,0,3\">A maior associa\u00e7\u00e3o de empresas dedicada \u00e0 engenharia de avalia\u00e7\u00f5es. <span class=\"citation-264\">Transformamos complexidade operacional em controle patrimonial real para ind\u00fastrias e grandes corpora\u00e7\u00f5es<\/span>.<br \/><\/span><\/p>\t\t\t\t\t\t\t\t<\/div>\n\t\t\t\t<\/div>\n\t\t\t\t\t<\/div>\n\t\t<\/div>\n\t\t\t\t<div class=\"elementor-column elementor-col-25 elementor-inner-column elementor-element elementor-element-e5f5fba\" data-id=\"e5f5fba\" data-element_type=\"column\" data-e-type=\"column\">\n\t\t\t<div class=\"elementor-widget-wrap elementor-element-populated\">\n\t\t\t\t\t\t<div class=\"elementor-element elementor-element-59f14eca elementor-widget elementor-widget-heading\" data-id=\"59f14eca\" data-element_type=\"widget\" data-e-type=\"widget\" data-widget_type=\"heading.default\">\n\t\t\t\t<div class=\"elementor-widget-container\">\n\t\t\t\t\t<h2 class=\"elementor-heading-title elementor-size-default\">Contato<\/h2>\t\t\t\t<\/div>\n\t\t\t\t<\/div>\n\t\t\t\t<div class=\"elementor-element elementor-element-7a4ff15 elementor-icon-list--layout-traditional elementor-list-item-link-full_width elementor-widget elementor-widget-icon-list\" data-id=\"7a4ff15\" data-element_type=\"widget\" data-e-type=\"widget\" data-widget_type=\"icon-list.default\">\n\t\t\t\t<div class=\"elementor-widget-container\">\n\t\t\t\t\t\t\t<ul class=\"elementor-icon-list-items\">\n\t\t\t\t\t\t\t<li class=\"elementor-icon-list-item\">\n\t\t\t\t\t\t\t\t\t\t\t<span class=\"elementor-icon-list-icon\">\n\t\t\t\t\t\t\t<i aria-hidden=\"true\" class=\"hm hm-mail-open\"><\/i>\t\t\t\t\t\t<\/span>\n\t\t\t\t\t\t\t\t\t\t<span class=\"elementor-icon-list-text\">comercial@advappr.com.br<\/span>\n\t\t\t\t\t\t\t\t\t<\/li>\n\t\t\t\t\t\t\t\t<li class=\"elementor-icon-list-item\">\n\t\t\t\t\t\t\t\t\t\t\t<span class=\"elementor-icon-list-icon\">\n\t\t\t\t\t\t\t<i aria-hidden=\"true\" class=\"icon icon-phone1\"><\/i>\t\t\t\t\t\t<\/span>\n\t\t\t\t\t\t\t\t\t\t<span class=\"elementor-icon-list-text\">55 11 98928-0475<\/span>\n\t\t\t\t\t\t\t\t\t<\/li>\n\t\t\t\t\t\t\t\t<li class=\"elementor-icon-list-item\">\n\t\t\t\t\t\t\t\t\t\t\t<span class=\"elementor-icon-list-icon\">\n\t\t\t\t\t\t\t<i aria-hidden=\"true\" class=\"huge huge-clock-03\"><\/i>\t\t\t\t\t\t<\/span>\n\t\t\t\t\t\t\t\t\t\t<span class=\"elementor-icon-list-text\">Seg. a Sex. das 8h \u00e0s 18h<\/span>\n\t\t\t\t\t\t\t\t\t<\/li>\n\t\t\t\t\t\t<\/ul>\n\t\t\t\t\t\t<\/div>\n\t\t\t\t<\/div>\n\t\t\t\t\t<\/div>\n\t\t<\/div>\n\t\t\t\t<div class=\"elementor-column elementor-col-25 elementor-inner-column elementor-element elementor-element-2ac25302\" data-id=\"2ac25302\" data-element_type=\"column\" data-e-type=\"column\">\n\t\t\t<div class=\"elementor-widget-wrap elementor-element-populated\">\n\t\t\t\t\t\t<div class=\"elementor-element elementor-element-7c1a6780 elementor-widget elementor-widget-heading\" data-id=\"7c1a6780\" data-element_type=\"widget\" data-e-type=\"widget\" data-widget_type=\"heading.default\">\n\t\t\t\t<div class=\"elementor-widget-container\">\n\t\t\t\t\t<h2 class=\"elementor-heading-title elementor-size-default\">Menu<\/h2>\t\t\t\t<\/div>\n\t\t\t\t<\/div>\n\t\t\t\t<div class=\"elementor-element elementor-element-f44ec45 elementor-widget__width-initial elementor-widget elementor-widget-ha-navigation-menu happy-addon ha-navigation-menu\" data-id=\"f44ec45\" data-element_type=\"widget\" data-e-type=\"widget\" data-widget_type=\"ha-navigation-menu.default\">\n\t\t\t\t<div class=\"elementor-widget-container\">\n\t\t\t\t\t<nav class=\"ha-nav-menu ha-navigation-menu-wrapper\"><div class=\"menu-principal-container\">\t\t\t\t<div class=\"ha-nav-humberger-wrapper\">\n\t\t\t\t\t<span class=\"ha-menu-open-icon ha-menu-toggler\" data-humberger=\"open\"><i aria-hidden=\"true\" class=\"fas fa-bars\"><\/i><\/span>\n\t\t\t\t\t<span class=\"ha-menu-close-icon ha-menu-toggler hide-icon\" data-humberger=\"close\"><i aria-hidden=\"true\" class=\"far fa-window-close\"><\/i><\/span>\n\t\t\t\t<\/div>\n\t\t\t<ul id=\"menu-principal\" class=\"menu\"><li id=\"menu-item-211\" class=\"menu-item menu-item-type-post_type menu-item-object-page menu-item-home\"><a href=\"https:\/\/advappr.com.br\/\"><span class=\"menu-item-title\">Home<\/span><\/a><\/li>\n<li id=\"menu-item-867\" class=\"menu-item menu-item-type-custom menu-item-object-custom menu-item-home\"><a href=\"https:\/\/advappr.com.br\/#sobre\"><span class=\"menu-item-title\">Quem Somos<\/span><\/a><\/li>\n<li id=\"menu-item-865\" class=\"menu-item menu-item-type-custom menu-item-object-custom menu-item-home\"><a href=\"https:\/\/advappr.com.br\/#servicos\"><span class=\"menu-item-title\">Solu\u00e7\u00f5es<\/span><\/a><\/li>\n<li id=\"menu-item-376\" class=\"menu-item menu-item-type-custom menu-item-object-custom menu-item-home\"><a href=\"https:\/\/advappr.com.br\/#contato\"><span class=\"menu-item-title\">Fale Conosco<\/span><\/a><\/li>\n<li id=\"menu-item-2020\" class=\"menu-item menu-item-type-post_type menu-item-object-page\"><a href=\"https:\/\/advappr.com.br\/index.php\/trabalhe-conosco\/\"><span class=\"menu-item-title\">Fa\u00e7a Parte<\/span><\/a><\/li>\n<\/ul><\/div><\/nav>\t\t\t\t<\/div>\n\t\t\t\t<\/div>\n\t\t\t\t\t<\/div>\n\t\t<\/div>\n\t\t\t\t<div class=\"elementor-column elementor-col-25 elementor-inner-column elementor-element elementor-element-5306a091\" data-id=\"5306a091\" data-element_type=\"column\" data-e-type=\"column\">\n\t\t\t<div class=\"elementor-widget-wrap elementor-element-populated\">\n\t\t\t\t\t\t<div class=\"elementor-element elementor-element-6b941f87 elementor-widget elementor-widget-heading\" data-id=\"6b941f87\" data-element_type=\"widget\" data-e-type=\"widget\" data-widget_type=\"heading.default\">\n\t\t\t\t<div class=\"elementor-widget-container\">\n\t\t\t\t\t<h2 class=\"elementor-heading-title elementor-size-default\">Social<\/h2>\t\t\t\t<\/div>\n\t\t\t\t<\/div>\n\t\t\t\t<div class=\"elementor-element elementor-element-5d11f8e0 elementor-shape-circle e-grid-align-left e-grid-align-mobile-center elementor-grid-0 elementor-widget elementor-widget-social-icons\" data-id=\"5d11f8e0\" data-element_type=\"widget\" data-e-type=\"widget\" data-widget_type=\"social-icons.default\">\n\t\t\t\t<div class=\"elementor-widget-container\">\n\t\t\t\t\t\t\t<div class=\"elementor-social-icons-wrapper elementor-grid\" role=\"list\">\n\t\t\t\t\t\t\t<span class=\"elementor-grid-item\" role=\"listitem\">\n\t\t\t\t\t<a class=\"elementor-icon elementor-social-icon elementor-social-icon- elementor-repeater-item-ae880e4\" href=\"https:\/\/www.instagram.com\/advancedappraisalgroup\" target=\"_blank\">\n\t\t\t\t\t\t<span class=\"elementor-screen-only\"><\/span>\n\t\t\t\t\t\t<svg xmlns=\"http:\/\/www.w3.org\/2000\/svg\" xmlns:xlink=\"http:\/\/www.w3.org\/1999\/xlink\" xmlns:sodipodi=\"http:\/\/sodipodi.sourceforge.net\/DTD\/sodipodi-0.dtd\" xmlns:inkscape=\"http:\/\/www.inkscape.org\/namespaces\/inkscape\" width=\"1000\" height=\"1000\" viewBox=\"0 0 264.5833 264.5833\" inkscape:version=\"1.0.1 (3bc2e813f5, 2020-09-07)\" sodipodi:docname=\"Instagram_(2022).svg\"><defs><radialGradient id=\"f\" cx=\"158.429\" cy=\"578.088\" r=\"52.3515\" xlink:href=\"#a\" gradientUnits=\"userSpaceOnUse\" gradientTransform=\"matrix(0 -4.03418 4.28018 0 -2332.2273 942.2356)\" fx=\"158.429\" fy=\"578.088\"><\/radialGradient><radialGradient inkscape:collect=\"always\" xlink:href=\"#b\" id=\"g\" gradientUnits=\"userSpaceOnUse\" gradientTransform=\"matrix(.67441 -1.16203 1.51283 .87801 -814.3657 -47.8354)\" cx=\"172.6149\" cy=\"600.6924\" fx=\"172.6149\" fy=\"600.6924\" r=\"65\"><\/radialGradient><radialGradient inkscape:collect=\"always\" xlink:href=\"#c\" id=\"h\" cx=\"144.012\" cy=\"51.3367\" fx=\"144.012\" fy=\"51.3367\" r=\"67.081\" gradientTransform=\"matrix(-2.3989 .67549 -.23008 -.81732 464.9957 -26.4035)\" gradientUnits=\"userSpaceOnUse\"><\/radialGradient><radialGradient inkscape:collect=\"always\" xlink:href=\"#d\" id=\"e\" gradientUnits=\"userSpaceOnUse\" gradientTransform=\"matrix(-3.10797 .87652 -.6315 -2.23914 1345.6503 1374.1983)\" cx=\"199.7884\" cy=\"628.4379\" fx=\"199.7884\" fy=\"628.4379\" r=\"52.3515\"><\/radialGradient><linearGradient inkscape:collect=\"always\" id=\"d\"><stop offset=\"0\" stop-color=\"#ff005f\"><\/stop><stop offset=\"1\" stop-color=\"#fc01d8\"><\/stop><\/linearGradient><linearGradient id=\"c\"><stop offset=\"0\" stop-color=\"#780cff\"><\/stop><stop stop-color=\"#820bff\" offset=\"1\" stop-opacity=\"0\"><\/stop><\/linearGradient><linearGradient inkscape:collect=\"always\" id=\"b\"><stop offset=\"0\" stop-color=\"#fc0\"><\/stop><stop offset=\"1\" stop-color=\"#fc0\" stop-opacity=\"0\"><\/stop><\/linearGradient><linearGradient id=\"a\"><stop offset=\"0\" stop-color=\"#fc0\"><\/stop><stop offset=\".1242\" stop-color=\"#fc0\"><\/stop><stop offset=\".5672\" stop-color=\"#fe4a05\"><\/stop><stop offset=\".6942\" stop-color=\"#ff0f3f\"><\/stop><stop offset=\"1\" stop-color=\"#fe0657\" stop-opacity=\"0\"><\/stop><\/linearGradient><\/defs><g inkscape:label=\"Layer 1\" inkscape:groupmode=\"layer\"><path d=\"M204.1503 18.1429c-55.2305 0-71.3834.057-74.5232.3175-11.3342.9424-18.387 2.7275-26.0708 6.554-5.9214 2.9413-10.5915 6.3506-15.2005 11.1298-8.3938 8.7157-13.481 19.4383-15.3226 32.1842-.8953 6.1877-1.1558 7.4496-1.2087 39.0558-.0203 10.5354 0 24.4007 0 42.9984 0 55.2008.061 71.3418.3256 74.4764.9157 11.032 2.6453 17.9728 6.3081 25.565 7 14.5329 20.369 25.4428 36.119 29.5137 5.4535 1.4044 11.4767 2.1779 19.2092 2.5442 3.2762.1425 36.6684.2443 70.081.2443 33.4127 0 66.8253-.0407 70.02-.2035 8.9535-.4214 14.1526-1.1195 19.9011-2.6054 15.8517-4.0912 28.9767-14.8383 36.119-29.5748 3.5916-7.409 5.4128-14.6144 6.237-25.0704.179-2.2796.2543-38.6263.2543-74.924 0-36.304-.0814-72.5835-.2605-74.8632-.8343-10.6249-2.6555-17.7692-6.363-25.3207-3.0421-6.1816-6.42-10.798-11.324-15.518-8.752-8.3616-19.4555-13.4502-32.2101-15.2902-6.18-.8936-7.411-1.1582-39.033-1.2131z\" inkscape:connector-curvature=\"0\" fill=\"url(#e)\" transform=\"translate(-71.8155 -18.1429)\"><\/path><path d=\"M204.1503 18.1429c-55.2305 0-71.3834.057-74.5232.3175-11.3342.9424-18.387 2.7275-26.0708 6.554-5.9214 2.9413-10.5915 6.3506-15.2005 11.1298-8.3938 8.7157-13.481 19.4383-15.3226 32.1842-.8953 6.1877-1.1558 7.4496-1.2087 39.0558-.0203 10.5354 0 24.4007 0 42.9984 0 55.2008.061 71.3418.3256 74.4764.9157 11.032 2.6453 17.9728 6.3081 25.565 7 14.5329 20.369 25.4428 36.119 29.5137 5.4535 1.4044 11.4767 2.1779 19.2092 2.5442 3.2762.1425 36.6684.2443 70.081.2443 33.4127 0 66.8253-.0407 70.02-.2035 8.9535-.4214 14.1526-1.1195 19.9011-2.6054 15.8517-4.0912 28.9767-14.8383 36.119-29.5748 3.5916-7.409 5.4128-14.6144 6.237-25.0704.179-2.2796.2543-38.6263.2543-74.924 0-36.304-.0814-72.5835-.2605-74.8632-.8343-10.6249-2.6555-17.7692-6.363-25.3207-3.0421-6.1816-6.42-10.798-11.324-15.518-8.752-8.3616-19.4555-13.4502-32.2101-15.2902-6.18-.8936-7.411-1.1582-39.033-1.2131z\" inkscape:connector-curvature=\"0\" fill=\"url(#f)\" transform=\"translate(-71.8155 -18.1429)\"><\/path><path d=\"M204.1503 18.1429c-55.2305 0-71.3834.057-74.5232.3175-11.3342.9424-18.387 2.7275-26.0708 6.554-5.9214 2.9413-10.5915 6.3506-15.2005 11.1298-8.3938 8.7157-13.481 19.4383-15.3226 32.1842-.8953 6.1877-1.1558 7.4496-1.2087 39.0558-.0203 10.5354 0 24.4007 0 42.9984 0 55.2008.061 71.3418.3256 74.4764.9157 11.032 2.6453 17.9728 6.3081 25.565 7 14.5329 20.369 25.4428 36.119 29.5137 5.4535 1.4044 11.4767 2.1779 19.2092 2.5442 3.2762.1425 36.6684.2443 70.081.2443 33.4127 0 66.8253-.0407 70.02-.2035 8.9535-.4214 14.1526-1.1195 19.9011-2.6054 15.8517-4.0912 28.9767-14.8383 36.119-29.5748 3.5916-7.409 5.4128-14.6144 6.237-25.0704.179-2.2796.2543-38.6263.2543-74.924 0-36.304-.0814-72.5835-.2605-74.8632-.8343-10.6249-2.6555-17.7692-6.363-25.3207-3.0421-6.1816-6.42-10.798-11.324-15.518-8.752-8.3616-19.4555-13.4502-32.2101-15.2902-6.18-.8936-7.411-1.1582-39.033-1.2131z\" inkscape:connector-curvature=\"0\" fill=\"url(#g)\" transform=\"translate(-71.8155 -18.1429)\"><\/path><path d=\"M204.1503 18.1429c-55.2305 0-71.3834.057-74.5232.3175-11.3342.9424-18.387 2.7275-26.0708 6.554-5.9214 2.9413-10.5915 6.3506-15.2005 11.1298-8.3938 8.7157-13.481 19.4383-15.3226 32.1842-.8953 6.1877-1.1558 7.4496-1.2087 39.0558-.0203 10.5354 0 24.4007 0 42.9984 0 55.2008.061 71.3418.3256 74.4764.9157 11.032 2.6453 17.9728 6.3081 25.565 7 14.5329 20.369 25.4428 36.119 29.5137 5.4535 1.4044 11.4767 2.1779 19.2092 2.5442 3.2762.1425 36.6684.2443 70.081.2443 33.4127 0 66.8253-.0407 70.02-.2035 8.9535-.4214 14.1526-1.1195 19.9011-2.6054 15.8517-4.0912 28.9767-14.8383 36.119-29.5748 3.5916-7.409 5.4128-14.6144 6.237-25.0704.179-2.2796.2543-38.6263.2543-74.924 0-36.304-.0814-72.5835-.2605-74.8632-.8343-10.6249-2.6555-17.7692-6.363-25.3207-3.0421-6.1816-6.42-10.798-11.324-15.518-8.752-8.3616-19.4555-13.4502-32.2101-15.2902-6.18-.8936-7.411-1.1582-39.033-1.2131z\" inkscape:connector-curvature=\"0\" fill=\"url(#h)\" transform=\"translate(-71.8155 -18.1429)\"><\/path><path d=\"M132.3452 33.973c-26.7167 0-30.0696.1167-40.5629.5939-10.4727.4792-17.6212 2.136-23.8762 4.567-6.4701 2.5107-11.9586 5.8693-17.4265 11.3352-5.472 5.464-8.8332 10.9483-11.354 17.4116-2.4389 6.2524-4.099 13.3976-4.5703 23.8585-.4693 10.4854-.5923 13.8379-.5923 40.5348 0 26.697.1189 30.0371.5943 40.5225.4817 10.465 2.1397 17.6082 4.5703 23.8585 2.5147 6.4654 5.8758 11.9497 11.3458 17.4136 5.466 5.468 10.9544 8.8349 17.4204 11.3456 6.259 2.4309 13.4097 4.0877 23.8803 4.567 10.4933.477 13.8441.5938 40.5588.5938 26.7188 0 30.0615-.1167 40.5547-.5939 10.4728-.4792 17.6295-2.136 23.8885-4.567 6.4681-2.5106 11.9484-5.8775 17.4143-11.3455 5.472-5.4639 8.8332-10.9482 11.354-17.4115 2.4183-6.2524 4.0784-13.3976 4.5703-23.8585.4713-10.4854.5943-13.8277.5943-40.5246 0-26.697-.123-30.0473-.5943-40.5328-.4919-10.465-2.152-17.6081-4.5703-23.8584-2.5208-6.4654-5.882-11.9498-11.354-17.4137-5.4721-5.468-10.9442-8.8266-17.4204-11.3353-6.2714-2.4309-13.424-4.0877-23.8967-4.5669-10.4933-.4772-13.8339-.5939-40.5588-.5939zm-8.825 17.7147c2.6193-.0041 5.5418 0 8.825 0 26.2659 0 29.379.0942 39.7513.5652 9.5915.4383 14.7971 2.0397 18.2648 3.3852 4.5908 1.7817 7.8638 3.9116 11.3048 7.3521 3.4431 3.4406 5.5745 6.7173 7.3617 11.3046 1.3465 3.461 2.9512 8.6628 3.3877 18.2472.4714 10.3625.5739 13.4754.5739 39.7095 0 26.234-.1025 29.347-.5739 39.7095-.4386 9.5843-2.0412 14.7861-3.3877 18.2471-1.783 4.5874-3.9186 7.8539-7.3617 11.2923-3.443 3.4406-6.712 5.5704-11.3048 7.3521-3.4636 1.3517-8.6733 2.949-18.2648 3.3873-10.3702.471-13.4854.5734-39.7513.5734-26.2679 0-29.381-.1024-39.7513-.5734-9.5914-.4423-14.797-2.0438-18.2668-3.3893-4.5908-1.7817-7.87-3.9116-11.313-7.3521-3.4431-3.4405-5.5745-6.709-7.3617-11.2985-1.3465-3.461-2.9512-8.6628-3.3877-18.2471-.4714-10.3626-.5657-13.4754-.5657-39.7259 0-26.2504.0943-29.347.5657-39.7095.4386-9.5844 2.0412-14.7861 3.3877-18.2512 1.783-4.5874 3.9186-7.8641 7.3617-11.3046 3.443-3.4406 6.7222-5.5704 11.313-7.3562 3.4677-1.3517 8.6754-2.949 18.2668-3.3894 9.075-.4096 12.5919-.5324 30.9264-.553zm61.3363 16.322c-6.5173 0-11.805 5.2776-11.805 11.792 0 6.5125 5.2877 11.7962 11.805 11.7962 6.5172 0 11.8049-5.2837 11.8049-11.7962 0-6.5124-5.2877-11.796-11.805-11.796zm-52.5113 13.7826c-27.8993 0-50.5191 22.6031-50.5191 50.4817 0 27.8786 22.6198 50.4714 50.5191 50.4714s50.511-22.5928 50.511-50.4714c0-27.8786-22.6137-50.4817-50.513-50.4817zm0 17.7147c18.109 0 32.7914 14.6694 32.7914 32.767 0 18.0956-14.6824 32.767-32.7914 32.767-18.111 0-32.7913-14.6714-32.7913-32.767 0-18.0976 14.6803-32.767 32.7913-32.767z\" inkscape:connector-curvature=\"0\" fill=\"#fff\"><\/path><\/g><\/svg>\t\t\t\t\t<\/a>\n\t\t\t\t<\/span>\n\t\t\t\t\t\t\t<span class=\"elementor-grid-item\" role=\"listitem\">\n\t\t\t\t\t<a class=\"elementor-icon elementor-social-icon elementor-social-icon-linkedin elementor-repeater-item-47850e1\" href=\"https:\/\/www.linkedin.com\/company\/advancedappraisalgroup\/\" target=\"_blank\">\n\t\t\t\t\t\t<span class=\"elementor-screen-only\">Linkedin<\/span>\n\t\t\t\t\t\t<i aria-hidden=\"true\" class=\"fab fa-linkedin\"><\/i>\t\t\t\t\t<\/a>\n\t\t\t\t<\/span>\n\t\t\t\t\t\t\t<span class=\"elementor-grid-item\" role=\"listitem\">\n\t\t\t\t\t<a class=\"elementor-icon elementor-social-icon elementor-social-icon-youtube elementor-repeater-item-6093371\" href=\"https:\/\/youtube.com\/@aag-o2v?si=3NgA88jivZIMBwD4\" target=\"_blank\">\n\t\t\t\t\t\t<span class=\"elementor-screen-only\">Youtube<\/span>\n\t\t\t\t\t\t<i aria-hidden=\"true\" class=\"fab fa-youtube\"><\/i>\t\t\t\t\t<\/a>\n\t\t\t\t<\/span>\n\t\t\t\t\t<\/div>\n\t\t\t\t\t\t<\/div>\n\t\t\t\t<\/div>\n\t\t\t\t\t<\/div>\n\t\t<\/div>\n\t\t\t\t\t<\/div>\n\t\t<\/section>\n\t\t\t\t\t<\/div>\n\t\t<\/div>\n\t\t\t\t\t<\/div>\n\t\t<\/section>\n\t\t\t\t<section class=\"elementor-section elementor-top-section elementor-element elementor-element-eeb0e39 elementor-section-content-middle elementor-section-boxed elementor-section-height-default elementor-section-height-default\" data-id=\"eeb0e39\" data-element_type=\"section\" data-e-type=\"section\" data-settings=\"{&quot;background_background&quot;:&quot;classic&quot;,&quot;_ha_eqh_enable&quot;:false}\">\n\t\t\t\t\t\t<div class=\"elementor-container elementor-column-gap-default\">\n\t\t\t\t\t<div class=\"elementor-column elementor-col-100 elementor-top-column elementor-element elementor-element-a932a29\" data-id=\"a932a29\" data-element_type=\"column\" data-e-type=\"column\">\n\t\t\t<div class=\"elementor-widget-wrap elementor-element-populated\">\n\t\t\t\t\t\t<div class=\"elementor-element elementor-element-6b107d77 elementor-widget__width-initial elementor-widget elementor-widget-text-editor\" data-id=\"6b107d77\" data-element_type=\"widget\" data-e-type=\"widget\" data-widget_type=\"text-editor.default\">\n\t\t\t\t<div class=\"elementor-widget-container\">\n\t\t\t\t\t\t\t\t\t<p style=\"text-align: center;\">\u00a9 2024 Advanced Appraisal Group. Todos os direitos reservados. | Pol\u00edtica de Privacidade | Termos de Uso.<\/p>\t\t\t\t\t\t\t\t<\/div>\n\t\t\t\t<\/div>\n\t\t\t\t\t<\/div>\n\t\t<\/div>\n\t\t\t\t\t<\/div>\n\t\t<\/section>\n\t\t\t\t<\/div>\n\t\t","protected":false},"excerpt":{"rendered":"<p>Junte-se \u00e0 equipa AAG e fa\u00e7a parte de projetos globais! Envie o seu curr\u00edculo AAG A maior associa\u00e7\u00e3o de empresas dedicada \u00e0 engenharia de avalia\u00e7\u00f5es. Transformamos complexidade operacional em controle patrimonial real para ind\u00fastrias e grandes corpora\u00e7\u00f5es. Contato comercial@advappr.com.br 55 11 98928-0475 Seg. a Sex. das 8h \u00e0s 18h Menu Home Quem Somos Solu\u00e7\u00f5es Fale [&hellip;]<\/p>\n","protected":false},"author":1,"featured_media":0,"parent":0,"menu_order":0,"comment_status":"closed","ping_status":"closed","template":"elementor_header_footer","meta":{"footnotes":""},"class_list":["post-2015","page","type-page","status-publish","hentry","entry"],"_links":{"self":[{"href":"https:\/\/advappr.com.br\/index.php\/wp-json\/wp\/v2\/pages\/2015","targetHints":{"allow":["GET"]}}],"collection":[{"href":"https:\/\/advappr.com.br\/index.php\/wp-json\/wp\/v2\/pages"}],"about":[{"href":"https:\/\/advappr.com.br\/index.php\/wp-json\/wp\/v2\/types\/page"}],"author":[{"embeddable":true,"href":"https:\/\/advappr.com.br\/index.php\/wp-json\/wp\/v2\/users\/1"}],"replies":[{"embeddable":true,"href":"https:\/\/advappr.com.br\/index.php\/wp-json\/wp\/v2\/comments?post=2015"}],"version-history":[{"count":10,"href":"https:\/\/advappr.com.br\/index.php\/wp-json\/wp\/v2\/pages\/2015\/revisions"}],"predecessor-version":[{"id":2107,"href":"https:\/\/advappr.com.br\/index.php\/wp-json\/wp\/v2\/pages\/2015\/revisions\/2107"}],"wp:attachment":[{"href":"https:\/\/advappr.com.br\/index.php\/wp-json\/wp\/v2\/media?parent=2015"}],"curies":[{"name":"wp","href":"https:\/\/api.w.org\/{rel}","templated":true}]}}